{"id":1576,"date":"2014-05-21T17:57:52","date_gmt":"2014-05-21T17:57:52","guid":{"rendered":"http:\/\/hgv.tatalata.com\/?page_id=1576"},"modified":"2015-04-01T14:18:28","modified_gmt":"2015-04-01T12:18:28","slug":"gruppenabend","status":"publish","type":"page","link":"https:\/\/hgv-raketen.de\/?page_id=1576","title":{"rendered":"Gruppenabend"},"content":{"rendered":"<p><strong>Der Gruppenabend<\/strong> (Jeden Dienstag von 20:00 bis 22:00 Uhr) bietet Jugendlichen und Erwachsenen viele Themen zum Raketenmodellbau. Neben unserem Maschinenpark, der allen W\u00fcnsche eines Raketeurs gen\u00fcge tut, haben wir auch mehrere Werkb\u00e4nke, sowie in der Raummitte einen perfekten Tisch f\u00fcr viele Mitglieder und G\u00e4ste, welcher zum Basteln, Konstruieren und Diskutieren einl\u00e4dt. Eine Halterung f\u00fcr Beamer und eine fest eingebaute\u00a0Leinwand nutzen wir f\u00fcr unsere Pr\u00e4sentationen von Mitgliedern oder G\u00e4sten, z.B. an Themenabenden.<\/p>\n<p><strong>Was machen wir so Dienstags ?<\/strong><\/p>\n<ul>\n<li>Konstruieren und Bauen von Modellraketen<\/li>\n<li>Entwickeln von HGV-Raketenmodellen<\/li>\n<li>Gemeinsame Projektarbeiten<\/li>\n<li>Vorbereitung und Durchf\u00fchrung von Themenabenden<\/li>\n<li>Diskussion \u00fcber aktuell anstehende Bauprojekte<\/li>\n<li>Gegenseitige Unterst\u00fctzung bei allen Fragen rund um Modellraketen<\/li>\n<li>Vorbereitungen zu Aktionstagen (Sommerferienprogramme, Messeauftritte, Kurse, Schulveranstaltungen, Starttage, &#8230;)<\/li>\n<li>Vieles mehr &#8230;&#8230;&#8230;&#8230;<\/li>\n<\/ul>\n\n\t\t<style type=\"text\/css\">\n\t\t\t#gallery-1 {\n\t\t\t\tmargin: auto;\n\t\t\t}\n\t\t\t#gallery-1 .gallery-item {\n\t\t\t\tfloat: left;\n\t\t\t\tmargin-top: 10px;\n\t\t\t\ttext-align: center;\n\t\t\t\twidth: 33%;\n\t\t\t}\n\t\t\t#gallery-1 img {\n\t\t\t\tborder: 2px solid #cfcfcf;\n\t\t\t}\n\t\t\t#gallery-1 .gallery-caption {\n\t\t\t\tmargin-left: 0;\n\t\t\t}\n\t\t\t\/* see gallery_shortcode() in wp-includes\/media.php *\/\n\t\t<\/style>\n\t\t<div id='gallery-1' class='gallery galleryid-1576 gallery-columns-3 gallery-size-thumbnail'><dl class='gallery-item'>\n\t\t\t<dt class='gallery-icon landscape'>\n\t\t\t\t<a href=\"https:\/\/hgv-raketen.de\/wp-content\/uploads\/2014\/05\/CIMG7459-e1427811837858.jpg\" title=\"CIMG7459\" data-description=\"\"><img loading=\"lazy\" decoding=\"async\" width=\"200\" height=\"200\" src=\"https:\/\/hgv-raketen.de\/wp-content\/uploads\/2014\/05\/CIMG7459-200x200.jpg\" class=\"attachment-thumbnail size-thumbnail\" alt=\"\" srcset=\"https:\/\/hgv-raketen.de\/wp-content\/uploads\/2014\/05\/CIMG7459-200x200.jpg 200w, https:\/\/hgv-raketen.de\/wp-content\/uploads\/2014\/05\/CIMG7459-150x150.jpg 150w\" sizes=\"(max-width: 200px) 100vw, 200px\"><\/a>\n\t\t\t<\/dt><\/dl><dl class='gallery-item'>\n\t\t\t<dt class='gallery-icon landscape'>\n\t\t\t\t<a href=\"https:\/\/hgv-raketen.de\/wp-content\/uploads\/2014\/05\/Projektmod-1-e1427811966214.jpg\" title=\"OLYMPUS DIGITAL CAMERA\" data-description=\"\"><img loading=\"lazy\" decoding=\"async\" width=\"200\" height=\"200\" src=\"https:\/\/hgv-raketen.de\/wp-content\/uploads\/2014\/05\/Projektmod-1-200x200.jpg\" class=\"attachment-thumbnail size-thumbnail\" alt=\"\" srcset=\"https:\/\/hgv-raketen.de\/wp-content\/uploads\/2014\/05\/Projektmod-1-200x200.jpg 200w, https:\/\/hgv-raketen.de\/wp-content\/uploads\/2014\/05\/Projektmod-1-150x150.jpg 150w\" sizes=\"(max-width: 200px) 100vw, 200px\"><\/a>\n\t\t\t<\/dt><\/dl><dl class='gallery-item'>\n\t\t\t<dt class='gallery-icon landscape'>\n\t\t\t\t<a href=\"https:\/\/hgv-raketen.de\/wp-content\/uploads\/2014\/05\/CIMG7452-e1427812097401.jpg\" title=\"CIMG7452\" data-description=\"\"><img loading=\"lazy\" decoding=\"async\" width=\"200\" height=\"200\" src=\"https:\/\/hgv-raketen.de\/wp-content\/uploads\/2014\/05\/CIMG7452-200x200.jpg\" class=\"attachment-thumbnail size-thumbnail\" alt=\"\" srcset=\"https:\/\/hgv-raketen.de\/wp-content\/uploads\/2014\/05\/CIMG7452-200x200.jpg 200w, https:\/\/hgv-raketen.de\/wp-content\/uploads\/2014\/05\/CIMG7452-150x150.jpg 150w\" sizes=\"(max-width: 200px) 100vw, 200px\"><\/a>\n\t\t\t<\/dt><\/dl><br style=\"clear: both\" \/><dl class='gallery-item'>\n\t\t\t<dt class='gallery-icon portrait'>\n\t\t\t\t<a href=\"https:\/\/hgv-raketen.de\/wp-content\/uploads\/2014\/05\/CIMG7456-e1427812163462.jpg\" title=\"CIMG7456\" data-description=\"\"><img loading=\"lazy\" decoding=\"async\" width=\"200\" height=\"200\" src=\"https:\/\/hgv-raketen.de\/wp-content\/uploads\/2014\/05\/CIMG7456-200x200.jpg\" class=\"attachment-thumbnail size-thumbnail\" alt=\"\" srcset=\"https:\/\/hgv-raketen.de\/wp-content\/uploads\/2014\/05\/CIMG7456-200x200.jpg 200w, https:\/\/hgv-raketen.de\/wp-content\/uploads\/2014\/05\/CIMG7456-150x150.jpg 150w\" sizes=\"(max-width: 200px) 100vw, 200px\"><\/a>\n\t\t\t<\/dt><\/dl><dl class='gallery-item'>\n\t\t\t<dt class='gallery-icon landscape'>\n\t\t\t\t<a href=\"https:\/\/hgv-raketen.de\/wp-content\/uploads\/2014\/05\/CIMG7455-e1427812262276.jpg\" title=\"CIMG7455\" data-description=\"\"><img loading=\"lazy\" decoding=\"async\" width=\"200\" height=\"200\" src=\"https:\/\/hgv-raketen.de\/wp-content\/uploads\/2014\/05\/CIMG7455-200x200.jpg\" class=\"attachment-thumbnail size-thumbnail\" alt=\"\" srcset=\"https:\/\/hgv-raketen.de\/wp-content\/uploads\/2014\/05\/CIMG7455-200x200.jpg 200w, https:\/\/hgv-raketen.de\/wp-content\/uploads\/2014\/05\/CIMG7455-150x150.jpg 150w\" sizes=\"(max-width: 200px) 100vw, 200px\"><\/a>\n\t\t\t<\/dt><\/dl><dl class='gallery-item'>\n\t\t\t<dt class='gallery-icon landscape'>\n\t\t\t\t<a href=\"https:\/\/hgv-raketen.de\/wp-content\/uploads\/2014\/05\/Multec-10-e1427812325359.jpg\" title=\"Multec-10\" data-description=\"\"><img loading=\"lazy\" decoding=\"async\" width=\"200\" height=\"200\" src=\"https:\/\/hgv-raketen.de\/wp-content\/uploads\/2014\/05\/Multec-10-200x200.jpg\" class=\"attachment-thumbnail size-thumbnail\" alt=\"\" srcset=\"https:\/\/hgv-raketen.de\/wp-content\/uploads\/2014\/05\/Multec-10-200x200.jpg 200w, https:\/\/hgv-raketen.de\/wp-content\/uploads\/2014\/05\/Multec-10-150x150.jpg 150w\" sizes=\"(max-width: 200px) 100vw, 200px\"><\/a>\n\t\t\t<\/dt><\/dl><br style=\"clear: both\" \/><dl class='gallery-item'>\n\t\t\t<dt class='gallery-icon landscape'>\n\t\t\t\t<a href=\"https:\/\/hgv-raketen.de\/wp-content\/uploads\/2014\/05\/IMG_4041-e1427812398751.jpg\" title=\"IMG_4041\" data-description=\"\"><img loading=\"lazy\" decoding=\"async\" width=\"200\" height=\"200\" src=\"https:\/\/hgv-raketen.de\/wp-content\/uploads\/2014\/05\/IMG_4041-200x200.jpg\" class=\"attachment-thumbnail size-thumbnail\" alt=\"\" srcset=\"https:\/\/hgv-raketen.de\/wp-content\/uploads\/2014\/05\/IMG_4041-200x200.jpg 200w, https:\/\/hgv-raketen.de\/wp-content\/uploads\/2014\/05\/IMG_4041-150x150.jpg 150w\" sizes=\"(max-width: 200px) 100vw, 200px\"><\/a>\n\t\t\t<\/dt><\/dl><dl class='gallery-item'>\n\t\t\t<dt class='gallery-icon landscape'>\n\t\t\t\t<a href=\"https:\/\/hgv-raketen.de\/wp-content\/uploads\/2014\/05\/DSC00382-e1427812507543.jpg\" title=\"DSC00382\" data-description=\"\"><img loading=\"lazy\" decoding=\"async\" width=\"200\" height=\"200\" src=\"https:\/\/hgv-raketen.de\/wp-content\/uploads\/2014\/05\/DSC00382-200x200.jpg\" class=\"attachment-thumbnail size-thumbnail\" alt=\"\" srcset=\"https:\/\/hgv-raketen.de\/wp-content\/uploads\/2014\/05\/DSC00382-200x200.jpg 200w, https:\/\/hgv-raketen.de\/wp-content\/uploads\/2014\/05\/DSC00382-150x150.jpg 150w\" sizes=\"(max-width: 200px) 100vw, 200px\"><\/a>\n\t\t\t<\/dt><\/dl>\n\t\t\t<br style='clear: both' \/>\n\t\t<\/div>\n\n<p><strong>Wer also Interesse hat darf gerne vorbeikommen.<br \/>\n<\/strong><strong>Wir freuen uns immer \u00fcber neue Gesichter.<\/strong><\/p>\n","protected":false},"excerpt":{"rendered":"<p>Der Gruppenabend (Jeden Dienstag von 20:00 bis 22:00 Uhr) bietet Jugendlichen und Erwachsenen viele Themen zum Raketenmodellbau. Neben unserem Maschinenpark, der allen W\u00fcnsche eines Raketeurs gen\u00fcge tut, haben wir auch mehrere Werkb\u00e4nke, sowie in der Raummitte einen perfekten Tisch f\u00fcr viele Mitglieder und G\u00e4ste, welcher zum Basteln, Konstruieren und Diskutieren einl\u00e4dt. Eine Halterung f\u00fcr Beamer &#8230;<\/p>\n<p><a href=\"https:\/\/hgv-raketen.de\/?page_id=1576\" class=\"more-link\">Continue reading &lsquo;Gruppenabend&rsquo; &raquo;<\/a><\/p>\n","protected":false},"author":2,"featured_media":2608,"parent":0,"menu_order":0,"comment_status":"open","ping_status":"closed","template":"","meta":{"footnotes":""},"class_list":["post-1576","page","type-page","status-publish","has-post-thumbnail","hentry","gallery-content-unit"],"_links":{"self":[{"href":"https:\/\/hgv-raketen.de\/index.php?rest_route=\/wp\/v2\/pages\/1576"}],"collection":[{"href":"https:\/\/hgv-raketen.de\/index.php?rest_route=\/wp\/v2\/pages"}],"about":[{"href":"https:\/\/hgv-raketen.de\/index.php?rest_route=\/wp\/v2\/types\/page"}],"author":[{"embeddable":true,"href":"https:\/\/hgv-raketen.de\/index.php?rest_route=\/wp\/v2\/users\/2"}],"replies":[{"embeddable":true,"href":"https:\/\/hgv-raketen.de\/index.php?rest_route=%2Fwp%2Fv2%2Fcomments&post=1576"}],"version-history":[{"count":8,"href":"https:\/\/hgv-raketen.de\/index.php?rest_route=\/wp\/v2\/pages\/1576\/revisions"}],"predecessor-version":[{"id":2609,"href":"https:\/\/hgv-raketen.de\/index.php?rest_route=\/wp\/v2\/pages\/1576\/revisions\/2609"}],"wp:featuredmedia":[{"embeddable":true,"href":"https:\/\/hgv-raketen.de\/index.php?rest_route=\/wp\/v2\/media\/2608"}],"wp:attachment":[{"href":"https:\/\/hgv-raketen.de\/index.php?rest_route=%2Fwp%2Fv2%2Fmedia&parent=1576"}],"curies":[{"name":"wp","href":"https:\/\/api.w.org\/{rel}","templated":true}]}}