{"id":2550,"date":"2015-01-15T11:04:32","date_gmt":"2015-01-15T10:04:32","guid":{"rendered":"http:\/\/hgv-raketen.de\/?page_id=2550"},"modified":"2015-01-17T11:21:51","modified_gmt":"2015-01-17T10:21:51","slug":"disclaimer","status":"publish","type":"page","link":"https:\/\/hgv-raketen.de\/?page_id=2550","title":{"rendered":"Disclaimer"},"content":{"rendered":"<ol>\n<li><strong>Zugriffs- und Anwendungsbedingungen f\u00fcr diese Website<br \/>\n<\/strong>Mit dem Zugriff auf diese Website und ihre Links erkl\u00e4ren Sie, dass Sie die nachfolgenden Anwendungsbedingungen und rechtlichen Informationen im Zusammenhang mit dieser Website (und den darin enthaltenen Elementen) verstanden haben und diese anerkennen.<\/li>\n<li><strong>Zweck dieser Website \/ Keine Gew\u00e4hrleistung<br \/>\n<\/strong>Der Zweck dieser Website ist die Informationsvermittlung \u00fcber unseren Club. Durch das Aufrufen dieser Website durch den Benutzer geht die HGV-Raketenmodelltechnik (im folgenden <strong>HGV<\/strong> genannt) mit dem Benutzer keinerlei vertragliche Beziehung ein. Die HGV bem\u00fcht sich, die Inhalte auf dieser Website aktuell, vollst\u00e4ndig und richtig zu halten. Da diese Informationen jedoch raschen \u00c4nderungen unterliegen k\u00f6nnen, kann die Aktualit\u00e4t, Richtigkeit und Vollst\u00e4ndigkeit nicht vollst\u00e4ndig gew\u00e4hrleistet werden.<\/li>\n<li><strong>Haftungsbeschr\u00e4nkung f\u00fcr eigene Inhalte<br \/>\n<\/strong>Die Inhalte unserer Websites wurden sorgf\u00e4ltig und nach bestem Gewissen erstellt. Gleichwohl kann f\u00fcr die Aktualit\u00e4t, Vollst\u00e4ndigkeit und Richtigkeit s\u00e4mtlicher Seiten keine Gew\u00e4hr \u00fcbernommen werden.<\/li>\n<li><strong>Haftungsbeschr\u00e4nkung f\u00fcr externe Links<br \/>\n<\/strong>Unsere Website enth\u00e4lt Verkn\u00fcpfungen zu Websites Dritter (sog. \u201eexterne Links\u201c). Da wir auf deren Inhalte keinen Einfluss haben, kann f\u00fcr die fremden Inhalte keine Gew\u00e4hr \u00fcbernommen werden. F\u00fcr die Inhalte und Richtigkeit der Informationen ist stets der jeweilige Informationsanbieter der verlinkten Website verantwortlich. Zum Zeitpunkt der Verlinkung waren keine Rechtsverst\u00f6\u00dfe erkennbar. Sobald uns eine Rechtsverletzung bekannt wird, werden wir den jeweiligen Link umgehend entfernen.<\/li>\n<li><strong>Urheberrecht<br \/>\n<\/strong>Die auf dieser Website ver\u00f6ffentlichten Inhalte und Werke unterliegen dem Deutschen Urheberrecht. Jede Vervielf\u00e4ltigung, Bearbeitung, Verbreitung und jede Art der Verwertung au\u00dferhalb der Grenzen des Urheberrechts bed\u00fcrfen der vorherigen schriftlichen Zustimmung des jeweiligen Urhebers bzw. Autors.<\/li>\n<li><strong>Datenschutz<br \/>\n<\/strong>Sofern innerhalb des Internetangebotes die M\u00f6glichkeit zur Eingabe pers\u00f6nlicher oder gesch\u00e4ftlicher Daten (E-Mail-Adressen, Namen, Anschriften) besteht, so erfolgt die Preisgabe dieser Daten seitens des Nutzers auf ausdr\u00fccklich freiwilliger Basis.Die Nutzung der im Rahmen des Impressums oder vergleichbarer Angaben ver\u00f6ffentlichten Kontaktdaten wie Postanschriften, Telefonnummern sowie E-Mail-Adressen durch Dritte zur \u00dcbersendung von nicht ausdr\u00fccklich angeforderten Informationen ist nicht gestattet. Rechtliche Schritte gegen die Versender von sogenannten Spam-Mails bei Verst\u00f6ssen gegen dieses Verbot sind ausdr\u00fccklich vorbehalten.Die HGV beh\u00e4lt sich vor, personenbezogene Daten, welche ihr elektronisch \u00fcbermittelt werden, f\u00fcr eigene Marketingzwecke zu erfassen und auszuwerten. Sie beachtet dabei die Bestimmungen des\u00a0Datenschutzgesetzes und gibt die Daten nicht an Dritte weiter.<\/li>\n<li><strong>Inhalt des Onlineangebotes<br \/>\n<\/strong>Der Autor \u00fcbernimmt keinerlei Gew\u00e4hr f\u00fcr die Aktualit\u00e4t, Richtigkeit und Vollst\u00e4ndigkeit der bereitgestellten Informationen auf unserer Website. Haftungsanspr\u00fcche gegen den Autor, welche sich auf Sch\u00e4den materieller oder ideeller Art beziehen, die durch die Nutzung oder Nichtnutzung der dargebotenen Informationen bzw. durch die Nutzung fehlerhafter und unvollst\u00e4ndiger Informationen verursacht wurden, sind grunds\u00e4tzlich ausgeschlossen, sofern seitens des Autors kein nachweislich vors\u00e4tzliches oder grob fahrl\u00e4ssiges Verschulden vorliegt.Alle Angebote sind freibleibend und unverbindlich. Der Autor beh\u00e4lt es sich ausdr\u00fccklich vor, Teile der Seiten oder das gesamte Angebot ohne gesonderte Ank\u00fcndigung zu ver\u00e4ndern, zu erg\u00e4nzen, zu l\u00f6schen oder die Ver\u00f6ffentlichung zeitweise oder endg\u00fcltig einzustellen.<\/li>\n<li><strong>Urheber- und Kennzeichenrecht<br \/>\n<\/strong>Der Autor ist bestrebt, in allen Publikationen die Urheberrechte der verwendeten Bilder, Grafiken, Tondokumente, Videosequenzen und Texte zu beachten, von ihm selbst erstellte Bilder, Grafiken, Tondokumente, Videosequenzen und Texte zu nutzen oder auf lizenzfreie Grafiken, Tondokumente, Videosequenzen und Texte zur\u00fcckzugreifen.Alle innerhalb des Internetangebotes genannten und ggf. durch Dritte gesch\u00fctzten Marken- und Warenzeichen unterliegen uneingeschr\u00e4nkt den Bestimmungen des jeweils g\u00fcltigen Kennzeichenrechts und den Besitzrechten der jeweiligen eingetragenen Eigent\u00fcmer. Allein aufgrund der blo\u00dfen Nennung ist nicht der Schluss zu ziehen, dass Markenzeichen nicht durch Rechte Dritter gesch\u00fctzt sind!Das Copyright f\u00fcr ver\u00f6ffentlichte, vom Autor selbst erstellte Objekte bleibt allein beim Autor der Seiten. Eine Vervielf\u00e4ltigung oder Verwendung solcher Grafiken, Tondokumente, Videosequenzen und Texte in anderen elektronischen oder gedruckten Publikationen ist ohne ausdr\u00fcckliche Zustimmung des Autors nicht gestattet.<\/li>\n<li><strong>Copyright und andere Schutzrechte<br \/>\n<\/strong>Der gesamte Inhalt der Website von der HGV ist urheberrechtlich gesch\u00fctzt. Alle Rechte sind vorbehalten. Durch den Zugriff auf die Website von der HGV, das Herunterladen oder Kopieren von Daten dieser Website oder Teilen davon werden dem Benutzer keinerlei Rechte am Inhalt, an der Software, einer eingetragenen Marke oder an sonst einem Element der Website einger\u00e4umt. Jegliche Modifikation, Reproduktion oder Benutzung der Website, des Logos von der HGV\u00a0oder Teile davon f\u00fcr einen \u00f6ffentlichen oder kommerziellen Zweck ist ohne vorherige schriftliche Zustimmung von der HGV strikt untersagt.<\/li>\n<\/ol>\n","protected":false},"excerpt":{"rendered":"<p>Zugriffs- und Anwendungsbedingungen f\u00fcr diese Website Mit dem Zugriff auf diese Website und ihre Links erkl\u00e4ren Sie, dass Sie die nachfolgenden Anwendungsbedingungen und rechtlichen Informationen im Zusammenhang mit dieser Website (und den darin enthaltenen Elementen) verstanden haben und diese anerkennen. Zweck dieser Website \/ Keine Gew\u00e4hrleistung Der Zweck dieser Website ist die Informationsvermittlung \u00fcber unseren &#8230;<\/p>\n<p><a href=\"https:\/\/hgv-raketen.de\/?page_id=2550\" class=\"more-link\">Continue reading &lsquo;Disclaimer&rsquo; &raquo;<\/a><\/p>\n","protected":false},"author":1,"featured_media":0,"parent":0,"menu_order":0,"comment_status":"open","ping_status":"closed","template":"","meta":{"footnotes":""},"class_list":["post-2550","page","type-page","status-publish","hentry","gallery-content-unit"],"_links":{"self":[{"href":"https:\/\/hgv-raketen.de\/index.php?rest_route=\/wp\/v2\/pages\/2550"}],"collection":[{"href":"https:\/\/hgv-raketen.de\/index.php?rest_route=\/wp\/v2\/pages"}],"about":[{"href":"https:\/\/hgv-raketen.de\/index.php?rest_route=\/wp\/v2\/types\/page"}],"author":[{"embeddable":true,"href":"https:\/\/hgv-raketen.de\/index.php?rest_route=\/wp\/v2\/users\/1"}],"replies":[{"embeddable":true,"href":"https:\/\/hgv-raketen.de\/index.php?rest_route=%2Fwp%2Fv2%2Fcomments&post=2550"}],"version-history":[{"count":8,"href":"https:\/\/hgv-raketen.de\/index.php?rest_route=\/wp\/v2\/pages\/2550\/revisions"}],"predecessor-version":[{"id":2560,"href":"https:\/\/hgv-raketen.de\/index.php?rest_route=\/wp\/v2\/pages\/2550\/revisions\/2560"}],"wp:attachment":[{"href":"https:\/\/hgv-raketen.de\/index.php?rest_route=%2Fwp%2Fv2%2Fmedia&parent=2550"}],"curies":[{"name":"wp","href":"https:\/\/api.w.org\/{rel}","templated":true}]}}