{"id":3460,"date":"2019-02-26T20:36:04","date_gmt":"2019-02-26T19:36:04","guid":{"rendered":"http:\/\/hgv-raketen.de\/?page_id=3460"},"modified":"2019-03-29T18:59:19","modified_gmt":"2019-03-29T17:59:19","slug":"kreiselsystem","status":"publish","type":"page","link":"https:\/\/hgv-raketen.de\/?page_id=3460","title":{"rendered":"Kreiselsystem"},"content":{"rendered":"\n<div id=\"CONTENTS\"><\/div>\n\n\n\n<p class=\"has-medium-font-size\"> <strong>2019 &#8211; Kreiselsystem<\/strong><br>Das Sensationsprojekt als Basis f\u00fcr langsam-fliegende Modellraketen.<br>Hier k\u00f6nnt ihr Einblicke in h\u00f6here Raketentechnik erhalten.<\/p>\n\n\n\n<div class=\"wp-block-image\"><figure class=\"aligncenter is-resized\"><img loading=\"lazy\" decoding=\"async\" src=\"http:\/\/hgv-raketen.de\/wp-content\/uploads\/2019\/02\/Einleitung_Modell-Aggregat-4-Schema-1024x337.png\" alt=\"\" class=\"wp-image-3482\" width=\"329\" height=\"108\" srcset=\"https:\/\/hgv-raketen.de\/wp-content\/uploads\/2019\/02\/Einleitung_Modell-Aggregat-4-Schema-1024x337.png 1024w, https:\/\/hgv-raketen.de\/wp-content\/uploads\/2019\/02\/Einleitung_Modell-Aggregat-4-Schema-300x99.png 300w, https:\/\/hgv-raketen.de\/wp-content\/uploads\/2019\/02\/Einleitung_Modell-Aggregat-4-Schema-768x253.png 768w, https:\/\/hgv-raketen.de\/wp-content\/uploads\/2019\/02\/Einleitung_Modell-Aggregat-4-Schema-730x240.png 730w, https:\/\/hgv-raketen.de\/wp-content\/uploads\/2019\/02\/Einleitung_Modell-Aggregat-4-Schema.png 1088w\" sizes=\"(max-width: 329px) 100vw, 329px\" \/><figcaption><strong>Schema-Darstellung des Modells Aggregat 4<\/strong><\/figcaption><\/figure><\/div>\n\n\n\n<ul class=\"wp-block-list\"><li><strong><a href=\"http:\/\/hgv-raketen.de\/?page_id=3460#INFO\">Informatives zum Projekt<\/a><\/strong><\/li><li><strong><a href=\"http:\/\/hgv-raketen.de\/?page_id=3460#TAG1\">Kick-Off am DI 12.02.2019<\/a><\/strong><\/li><li><strong><a href=\"http:\/\/hgv-raketen.de\/?page_id=3460#TAG1-5\">Tag 1-5 &#8211; Beginn der mechanischen Arbeiten<\/a> <\/strong><\/li><li><strong>Tag 6 &#8211; L\u00f6ten der Hauptplatine<\/strong><\/li><li><strong>Tag 7 &#8211; Haupt- und Sensorplatine, Stecker und Ladeplatine<\/strong><\/li><li><strong>Tag 8 &#8211; Funktionstest + Konfiguration der Flugparameter<\/strong><\/li><li><strong>Tag 9 &#8211; Flugvorbereitung der Rakete<\/strong><\/li><li><strong>Tag 10 &#8211; Bau einer Startplattform<\/strong><\/li><li><strong>Hausaufgaben<\/strong><\/li><\/ul>\n\n\n\n<div id=\"INFO\"><\/div>\n\n\n\n<p><strong>Informatives zum Projekt<\/strong><br>Joachim hat bereits 2013 mit der Entwicklung zu diesem Projekt begonnen. Diese umfasste neben der Grundlagenforschung nat\u00fcrlich auch die Zusammenstellung der elektronischen Komponenten, deren Programmierung und der mechanischen Umsetzung der Rechenbefehle an die kardanische Aufh\u00e4ngung um den Raketenmotor anzusteuern. Zus\u00e4tzlich war nat\u00fcrlich das Design der Modellraketen ein nicht zu verachtender Bestandteil um zu einem erfolgreichen Flug zu kommen. Mit \u00fcber 500 Stunden reiner Rechnerlaufzeit alleine nur f\u00fcr die Modellberechnung ist dieser Anteil sehr beachtenswert.<br><br>Aerodynamische Faktoren, sowie die Rechengeschwindigkeit sind letztlich f\u00fcr den Erfolg sehr bedeutend.<br><br>Nach unseren Informationen zufolge hat sich bisher noch niemand weltweit an solch ein Projekt im Rahmen einer privaten Entwicklung, sowie als Projekt f\u00fcr eine ganze Raketengruppe gewagt.<br>Es gibt lediglich 1 Steuerung in den USA \u2013 sogar kommerziell vertrieben, welche jedoch nicht die Steuerungspr\u00e4zision- und Geschwindigkeit an den Tag legt, welche erforderlich ist um einen geraden Flug zu garantieren. Ebenso ist die Variabilit\u00e4t der Steuerung, und somit die Anpassungsm\u00f6glichkeiten an andere Modellraketen unter den einzuhaltenden aerodynamischen Voraussetzungen sensationell.<br>Daher k\u00f6nnen wir getrost sagen:&nbsp; Dieses Projekt ist weltweit einmalig !!!<br><br>Als \u201eSchmakerl\u201c, neben der \u201eNicht aufschaukelnden\u201c Flug-Korrektur sehe ich die 3 verschieden einstellbaren Flugmodi\u2019. Diese lassen unterschiedliche Flug- und Steuerungsarten zu : <\/p>\n\n\n\n<ol class=\"wp-block-list\"><li>Der\nFlug wird so gesteuert, da\u00df die Spitze beim Flug immer senkrecht nach oben\nzeigt.<br>\nDabei bewegt sich die Rakete senkrecht steigend mit dem seitlich anliegenden\nWind weg vom 90\u00b0 Winkel \u00fcber der Startrampe.<\/li><li>Die Flugbahn kann in\nbestimmten Parametergrenzen vorgegeben werden.<br>\nDieses ist der schwierigste Flugmodus, und in der Programmierung sicherlich\nauch am aufwendigsten umzusetzen. Jedoch k\u00f6nnte dadurch erzielt werden da\u00df die\nRakete nach Auswurfs des Bergungssystems, mit dem Wind zur\u00fcckgetrieben,\nm\u00f6glichst nahe des Startplatzes zum Boden zur\u00fcckkehrt.<\/li><li>Der\nRaketenflug befindet sich bis zum Ausl\u00f6sen des Bergungssystemes immer 90\u00b0\noberhalb der Startrampe. Bedeutet, da\u00df der Abdrift der Rakete durch den\nseitlich anliegenden Wind von der Rakete durch Gegensteuern kompensiert wird.\nDadurch haben wir den Auswurf des Bergungssystems immer exakt senkrecht am\nGipfelpunkt oberhalb der Startrampe.<br>\nDieser Flugmodus ist sicherlich der interessanteste f\u00fcr uns und wird deshalb\nals Hauptmodus eingesetzt.<\/li><\/ol>\n\n\n\n<div class=\"wp-block-image\"><figure class=\"aligncenter is-resized\"><img loading=\"lazy\" decoding=\"async\" src=\"http:\/\/hgv-raketen.de\/wp-content\/uploads\/2019\/02\/Einleitung_Kreiselsteuerung-im-Modell-Versuchsaufbau1-1024x286.jpg\" alt=\"\" class=\"wp-image-3483\" width=\"326\" height=\"90\" srcset=\"https:\/\/hgv-raketen.de\/wp-content\/uploads\/2019\/02\/Einleitung_Kreiselsteuerung-im-Modell-Versuchsaufbau1-1024x286.jpg 1024w, https:\/\/hgv-raketen.de\/wp-content\/uploads\/2019\/02\/Einleitung_Kreiselsteuerung-im-Modell-Versuchsaufbau1-300x84.jpg 300w, https:\/\/hgv-raketen.de\/wp-content\/uploads\/2019\/02\/Einleitung_Kreiselsteuerung-im-Modell-Versuchsaufbau1-768x215.jpg 768w, https:\/\/hgv-raketen.de\/wp-content\/uploads\/2019\/02\/Einleitung_Kreiselsteuerung-im-Modell-Versuchsaufbau1-730x204.jpg 730w, https:\/\/hgv-raketen.de\/wp-content\/uploads\/2019\/02\/Einleitung_Kreiselsteuerung-im-Modell-Versuchsaufbau1.jpg 1138w\" sizes=\"(max-width: 326px) 100vw, 326px\" \/><figcaption>Ein Versuchsaufbau in der Pilotphase<\/figcaption><\/figure><\/div>\n\n\n\n<p> Dieses Projekt geleitet uns von der Theorie zur Praxis =&gt; Von der Einf\u00fchrung in die Rechen- und Steuerungsmethode zur Herstellung der einzelnen Baugruppen. \u00dcber die Implementierung, Teil- und Fertig-Montage bis zur Grund- und End-Lackierung und letztlich zum final flugbereiten Raketenmodell.<br><br>Den zugeh\u00f6rigen Erststart wollen wir mit allen Raketen als Abschlu\u00df dieses einmaligen Projektes noch vor den Sommerferien 2019 durchf\u00fchren.<br><br>Alles in allem k\u00f6nnen wir die Arbeit von Joachim hier nicht hoch genug einsch\u00e4tzen. Eine wahre Glanzleistung. Daher m\u00f6chte ich jetzt schon im Namen der HGV-Raketenmodelltechnik meinen und unseren herzlichsten Dank aussprechen.<br>Vielen Dank auch deshalb, da\u00df wir als Gruppe \u201eHGV-Raketenmodelltechnik\u201c daran teilhaben d\u00fcrfen.<br><strong>Also:&nbsp; Lasst uns beginnen !!!<\/strong><\/p>\n\n\n\n<p style=\"text-align:right\" class=\"has-text-color has-vivid-red-color\"><em><strong> <a href=\"http:\/\/hgv-raketen.de\/?page_id=3460#CONTENTS\">Zur\u00fcck zur Kreiselsystem-Auswahl<\/a> <\/strong><\/em><\/p>\n\n\n\n<div id=\"TAG1\"><\/div>\n\n\n\n<p><strong>Tag 1 &#8211;  Kick-Off am DI 12.02.2019<\/strong><br>Am Di 12.02.2019 trafen sich alle interessierten und vorangemeldeten  Projekt-Teilnehmer zum Kick-Off im Raketenkeller in Vaihingen. Nach  einer Einleitung von Karlheinz \u00fcber die Vorgeschichte des Kreiselsystems  in Deutschland wurde nun von Joachim das eigentliche Projekt im Detail  vorgestellt. Damit wurde jedem klar da\u00df nach 5 Jahren Entwicklungszeit  eine fundierte, hochtechnisiert Techologie im Bereich  Raketenmodelltechnik nun bereit ist, einem elit\u00e4ren Teilnehmerfeld  nahegebracht werden soll. Nach den ausf\u00fchrlichen Erkl\u00e4rungen mit  Unterst\u00fctzung von Ralf und Karlheinz war es dann auch nicht weiter  verwunderlich. da\u00df sich alle jetzt schon riesig darauf freuen.<\/p>\n\n\n\n<p>Die  Teilnahmebest\u00e4tigung der Interessenten wurde zementiert indem diese die  geringe Unkostenpauschale abgetreten hatten. Nun kann in die materielle  Umsetzungsphase gegangen werden: Materialien werden bestellt, Teile  vorbereitet (3D-Druck, Fr\u00e4smaschine, usw.) und finale Ausarbeitungen  pr\u00e4sentationgerecht vorbereitet.<br>In ca. 2 Monaten dann der praktische  Startschu\u00df: In einer w\u00f6chentlichen Abfolge von Teilprozessen werden die  Modelle bis zur Flugbereitschaft entstehen. Dabei sind erweiterte  fachliche Fertigkeiten gefordert.<br><strong>Weitere Infos werden hier das Projekt begleiten.<\/strong><\/p>\n\n\n\n<div class=\"wp-block-image\"><figure class=\"aligncenter is-resized\"><img loading=\"lazy\" decoding=\"async\" src=\"http:\/\/hgv-raketen.de\/wp-content\/uploads\/2019\/02\/grafik-1024x192.png\" alt=\"\" class=\"wp-image-3495\" width=\"433\" height=\"80\" srcset=\"https:\/\/hgv-raketen.de\/wp-content\/uploads\/2019\/02\/grafik-1024x192.png 1024w, https:\/\/hgv-raketen.de\/wp-content\/uploads\/2019\/02\/grafik-300x56.png 300w, https:\/\/hgv-raketen.de\/wp-content\/uploads\/2019\/02\/grafik-768x144.png 768w, https:\/\/hgv-raketen.de\/wp-content\/uploads\/2019\/02\/grafik-730x137.png 730w, https:\/\/hgv-raketen.de\/wp-content\/uploads\/2019\/02\/grafik.png 1268w\" sizes=\"(max-width: 433px) 100vw, 433px\" \/><figcaption>Diese Modelle haben wir zur Auswahl &#8211; Die Wahl der Qual fiel schwer<\/figcaption><\/figure><\/div>\n\n\n\n<p><strong>Hier einige Impressionen unseres Kick Off von 12.02.2019<\/strong><br>Die Werkstatt war bis zum Anschlag gef\u00fcllt &#8211; Alle Projektteilnehmer waren gekommen &#8211; Die Pr\u00e4sentation perfekt vorbereitet &#8211; Die referenten bestens gelaunt, wenn auch etwas angespannt.<\/p>\n\n\n\n<ul class=\"wp-block-gallery columns-4 is-cropped wp-block-gallery-1 is-layout-flex wp-block-gallery-is-layout-flex\"><li class=\"blocks-gallery-item\"><figure><a href=\"http:\/\/hgv-raketen.de\/wp-content\/uploads\/2019\/02\/DSC06666-1024x543.jpg\"><img loading=\"lazy\" decoding=\"async\" width=\"1024\" height=\"543\" src=\"http:\/\/hgv-raketen.de\/wp-content\/uploads\/2019\/02\/DSC06666-1024x543.jpg\" alt=\"\" data-id=\"3489\" data-link=\"http:\/\/hgv-raketen.de\/?attachment_id=3489\" class=\"wp-image-3489\" srcset=\"https:\/\/hgv-raketen.de\/wp-content\/uploads\/2019\/02\/DSC06666-1024x543.jpg 1024w, https:\/\/hgv-raketen.de\/wp-content\/uploads\/2019\/02\/DSC06666-300x159.jpg 300w, https:\/\/hgv-raketen.de\/wp-content\/uploads\/2019\/02\/DSC06666-768x407.jpg 768w, https:\/\/hgv-raketen.de\/wp-content\/uploads\/2019\/02\/DSC06666-730x387.jpg 730w\" sizes=\"(max-width: 1024px) 100vw, 1024px\" \/><\/a><\/figure><\/li><li class=\"blocks-gallery-item\"><figure><a href=\"http:\/\/hgv-raketen.de\/wp-content\/uploads\/2019\/02\/DSC06671-1024x683.jpg\"><img loading=\"lazy\" decoding=\"async\" width=\"1024\" height=\"683\" src=\"http:\/\/hgv-raketen.de\/wp-content\/uploads\/2019\/02\/DSC06671-1024x683.jpg\" alt=\"\" data-id=\"3494\" data-link=\"http:\/\/hgv-raketen.de\/?attachment_id=3494\" class=\"wp-image-3494\" srcset=\"https:\/\/hgv-raketen.de\/wp-content\/uploads\/2019\/02\/DSC06671-1024x683.jpg 1024w, https:\/\/hgv-raketen.de\/wp-content\/uploads\/2019\/02\/DSC06671-300x200.jpg 300w, https:\/\/hgv-raketen.de\/wp-content\/uploads\/2019\/02\/DSC06671-768x512.jpg 768w, https:\/\/hgv-raketen.de\/wp-content\/uploads\/2019\/02\/DSC06671-730x487.jpg 730w\" sizes=\"(max-width: 1024px) 100vw, 1024px\" \/><\/a><\/figure><\/li><li class=\"blocks-gallery-item\"><figure><a href=\"http:\/\/hgv-raketen.de\/wp-content\/uploads\/2019\/02\/DSC06669-1024x734.jpg\"><img loading=\"lazy\" decoding=\"async\" width=\"1024\" height=\"734\" src=\"http:\/\/hgv-raketen.de\/wp-content\/uploads\/2019\/02\/DSC06669-1024x734.jpg\" alt=\"\" data-id=\"3490\" data-link=\"http:\/\/hgv-raketen.de\/?attachment_id=3490\" class=\"wp-image-3490\" srcset=\"https:\/\/hgv-raketen.de\/wp-content\/uploads\/2019\/02\/DSC06669-1024x734.jpg 1024w, https:\/\/hgv-raketen.de\/wp-content\/uploads\/2019\/02\/DSC06669-300x215.jpg 300w, https:\/\/hgv-raketen.de\/wp-content\/uploads\/2019\/02\/DSC06669-768x551.jpg 768w, https:\/\/hgv-raketen.de\/wp-content\/uploads\/2019\/02\/DSC06669-730x523.jpg 730w\" sizes=\"(max-width: 1024px) 100vw, 1024px\" \/><\/a><\/figure><\/li><li class=\"blocks-gallery-item\"><figure><a href=\"http:\/\/hgv-raketen.de\/wp-content\/uploads\/2019\/02\/DSC06661-1024x682.jpg\"><img loading=\"lazy\" decoding=\"async\" width=\"1024\" height=\"682\" src=\"http:\/\/hgv-raketen.de\/wp-content\/uploads\/2019\/02\/DSC06661-1024x682.jpg\" alt=\"\" data-id=\"3487\" data-link=\"http:\/\/hgv-raketen.de\/?attachment_id=3487\" class=\"wp-image-3487\" srcset=\"https:\/\/hgv-raketen.de\/wp-content\/uploads\/2019\/02\/DSC06661-1024x682.jpg 1024w, https:\/\/hgv-raketen.de\/wp-content\/uploads\/2019\/02\/DSC06661-300x200.jpg 300w, https:\/\/hgv-raketen.de\/wp-content\/uploads\/2019\/02\/DSC06661-768x512.jpg 768w, https:\/\/hgv-raketen.de\/wp-content\/uploads\/2019\/02\/DSC06661-730x486.jpg 730w\" sizes=\"(max-width: 1024px) 100vw, 1024px\" \/><\/a><\/figure><\/li><li class=\"blocks-gallery-item\"><figure><a href=\"http:\/\/hgv-raketen.de\/wp-content\/uploads\/2019\/02\/DSC06670-1024x683.jpg\"><img loading=\"lazy\" decoding=\"async\" width=\"1024\" height=\"683\" src=\"http:\/\/hgv-raketen.de\/wp-content\/uploads\/2019\/02\/DSC06670-1024x683.jpg\" alt=\"\" data-id=\"3491\" data-link=\"http:\/\/hgv-raketen.de\/?attachment_id=3491\" class=\"wp-image-3491\" srcset=\"https:\/\/hgv-raketen.de\/wp-content\/uploads\/2019\/02\/DSC06670-1024x683.jpg 1024w, https:\/\/hgv-raketen.de\/wp-content\/uploads\/2019\/02\/DSC06670-300x200.jpg 300w, https:\/\/hgv-raketen.de\/wp-content\/uploads\/2019\/02\/DSC06670-768x512.jpg 768w, https:\/\/hgv-raketen.de\/wp-content\/uploads\/2019\/02\/DSC06670-730x487.jpg 730w\" sizes=\"(max-width: 1024px) 100vw, 1024px\" \/><\/a><\/figure><\/li><li class=\"blocks-gallery-item\"><figure><a href=\"http:\/\/hgv-raketen.de\/wp-content\/uploads\/2019\/02\/DSC06663-1024x919.jpg\"><img loading=\"lazy\" decoding=\"async\" width=\"1024\" height=\"919\" src=\"http:\/\/hgv-raketen.de\/wp-content\/uploads\/2019\/02\/DSC06663-1024x919.jpg\" alt=\"\" data-id=\"3488\" data-link=\"http:\/\/hgv-raketen.de\/?attachment_id=3488\" class=\"wp-image-3488\" srcset=\"https:\/\/hgv-raketen.de\/wp-content\/uploads\/2019\/02\/DSC06663-1024x919.jpg 1024w, https:\/\/hgv-raketen.de\/wp-content\/uploads\/2019\/02\/DSC06663-300x269.jpg 300w, https:\/\/hgv-raketen.de\/wp-content\/uploads\/2019\/02\/DSC06663-768x689.jpg 768w, https:\/\/hgv-raketen.de\/wp-content\/uploads\/2019\/02\/DSC06663-730x655.jpg 730w\" sizes=\"(max-width: 1024px) 100vw, 1024px\" \/><\/a><\/figure><\/li><li class=\"blocks-gallery-item\"><figure><a href=\"http:\/\/hgv-raketen.de\/wp-content\/uploads\/2019\/02\/DSC06675-1024x632.jpg\"><img loading=\"lazy\" decoding=\"async\" width=\"1024\" height=\"632\" src=\"http:\/\/hgv-raketen.de\/wp-content\/uploads\/2019\/02\/DSC06675-1024x632.jpg\" alt=\"\" data-id=\"3492\" data-link=\"http:\/\/hgv-raketen.de\/?attachment_id=3492\" class=\"wp-image-3492\" srcset=\"https:\/\/hgv-raketen.de\/wp-content\/uploads\/2019\/02\/DSC06675-1024x632.jpg 1024w, https:\/\/hgv-raketen.de\/wp-content\/uploads\/2019\/02\/DSC06675-300x185.jpg 300w, https:\/\/hgv-raketen.de\/wp-content\/uploads\/2019\/02\/DSC06675-768x474.jpg 768w, https:\/\/hgv-raketen.de\/wp-content\/uploads\/2019\/02\/DSC06675-730x450.jpg 730w\" sizes=\"(max-width: 1024px) 100vw, 1024px\" \/><\/a><\/figure><\/li><li class=\"blocks-gallery-item\"><figure><a href=\"http:\/\/hgv-raketen.de\/wp-content\/uploads\/2019\/02\/DSC06676-683x1024.jpg\"><img loading=\"lazy\" decoding=\"async\" width=\"683\" height=\"1024\" src=\"http:\/\/hgv-raketen.de\/wp-content\/uploads\/2019\/02\/DSC06676-683x1024.jpg\" alt=\"\" data-id=\"3493\" data-link=\"http:\/\/hgv-raketen.de\/?attachment_id=3493\" class=\"wp-image-3493\" srcset=\"https:\/\/hgv-raketen.de\/wp-content\/uploads\/2019\/02\/DSC06676-683x1024.jpg 683w, https:\/\/hgv-raketen.de\/wp-content\/uploads\/2019\/02\/DSC06676-200x300.jpg 200w, https:\/\/hgv-raketen.de\/wp-content\/uploads\/2019\/02\/DSC06676-768x1152.jpg 768w, https:\/\/hgv-raketen.de\/wp-content\/uploads\/2019\/02\/DSC06676-730x1095.jpg 730w\" sizes=\"(max-width: 683px) 100vw, 683px\" \/><\/a><\/figure><\/li><\/ul>\n\n\n\n<p style=\"text-align:right\" class=\"has-text-color has-vivid-red-color\"><em><strong><a href=\"http:\/\/hgv-raketen.de\/?page_id=3460#CONTENTS\"> Zur\u00fcck zur Kreiselsystem-Auswahl<\/a><\/strong><\/em><\/p>\n\n\n\n<div id=\"TAG1-5\"><\/div>\n\n\n\n<p><strong>Tag 1-5 &#8211; Beginn der mechanischen Arbeiten<\/strong><br>Na endlich gehts los &#8211; Alle sind gespannt &#8211; Jetzt gehts zur Sache.<\/p>\n\n\n\n<p style=\"text-align:right\" class=\"has-text-color has-vivid-red-color\"><em><strong><a href=\"http:\/\/hgv-raketen.de\/?page_id=3460#CONTENTS\">Zur\u00fcck zur Kreiselsystem-Auswahl <\/a><\/strong><\/em><\/p>\n\n\n\n<p style=\"text-align:right\" class=\"has-text-color has-vivid-red-color\"><em><strong><a href=\"http:\/\/hgv-raketen.de\/?page_id=3437\">Zur\u00fcck zur Projekt-Auswahl\ufeff<\/a><\/strong><\/em><\/p>\n","protected":false},"excerpt":{"rendered":"<p>2019 &#8211; KreiselsystemDas Sensationsprojekt als Basis f\u00fcr langsam-fliegende Modellraketen.Hier k\u00f6nnt ihr Einblicke in h\u00f6here Raketentechnik erhalten. Informatives zum Projekt Kick-Off am DI 12.02.2019 Tag 1-5 &#8211; Beginn der mechanischen Arbeiten Tag 6 &#8211; L\u00f6ten der Hauptplatine Tag 7 &#8211; Haupt- und Sensorplatine, Stecker und Ladeplatine Tag 8 &#8211; Funktionstest + Konfiguration der Flugparameter Tag 9 &#8230;<\/p>\n<p><a href=\"https:\/\/hgv-raketen.de\/?page_id=3460\" class=\"more-link\">Continue reading &lsquo;Kreiselsystem&rsquo; &raquo;<\/a><\/p>\n","protected":false},"author":1,"featured_media":0,"parent":0,"menu_order":0,"comment_status":"closed","ping_status":"closed","template":"","meta":{"footnotes":""},"class_list":["post-3460","page","type-page","status-publish","hentry","gallery-content-unit"],"_links":{"self":[{"href":"https:\/\/hgv-raketen.de\/index.php?rest_route=\/wp\/v2\/pages\/3460"}],"collection":[{"href":"https:\/\/hgv-raketen.de\/index.php?rest_route=\/wp\/v2\/pages"}],"about":[{"href":"https:\/\/hgv-raketen.de\/index.php?rest_route=\/wp\/v2\/types\/page"}],"author":[{"embeddable":true,"href":"https:\/\/hgv-raketen.de\/index.php?rest_route=\/wp\/v2\/users\/1"}],"replies":[{"embeddable":true,"href":"https:\/\/hgv-raketen.de\/index.php?rest_route=%2Fwp%2Fv2%2Fcomments&post=3460"}],"version-history":[{"count":23,"href":"https:\/\/hgv-raketen.de\/index.php?rest_route=\/wp\/v2\/pages\/3460\/revisions"}],"predecessor-version":[{"id":3555,"href":"https:\/\/hgv-raketen.de\/index.php?rest_route=\/wp\/v2\/pages\/3460\/revisions\/3555"}],"wp:attachment":[{"href":"https:\/\/hgv-raketen.de\/index.php?rest_route=%2Fwp%2Fv2%2Fmedia&parent=3460"}],"curies":[{"name":"wp","href":"https:\/\/api.w.org\/{rel}","templated":true}]}}