{"id":48,"date":"2013-06-24T08:30:39","date_gmt":"2013-06-24T08:30:39","guid":{"rendered":"http:\/\/localhost\/rocketA\/?page_id=48"},"modified":"2023-05-29T15:30:37","modified_gmt":"2023-05-29T13:30:37","slug":"kurs","status":"publish","type":"page","link":"https:\/\/hgv-raketen.de\/?page_id=48","title":{"rendered":"Kurs RMK1"},"content":{"rendered":"<p><strong>\u00a0\u00a0\u00a0\u00a0\u00a0\u00a0\u00a0\u00a0\u00a0 ====&gt; Kurs findet derzeit nicht mehr statt !!! &lt;====<\/strong><\/p>\n<p>Der Kurs besteht aus bunt gemischten Theorie- und Praxisanteilen.<\/p>\n<p>Die Kurskosten umfassen eine ca. 80-seitige Kursmappe, die Materialien zum Bau einer Modellrakete, viele Infos von verschiedenen Referenten, Vorf\u00fchrungen, Testabbr\u00e4nde, Baupl\u00e4ne und Ideen f\u00fcr exotische Bauweisen und Modellarten, Praxistipps zum Herstellen von Raketen-Bauteilen und vieles mehr.<\/p>\n<p>Das in der Theorie gelernte wird direkt in die Praxis beim Bau der Modellrakete umgesetzt. Dadurch erzielen wir einen sehr hohen Lerneffekt.<\/p>\n<p>Der Kurs ist aber nicht nur f\u00fcr Raketen-Neulinge geeignet, sondern genauso gut f\u00fcr Leute, welche bereits Erfahrung mit Raketen-Baus\u00e4tzen haben, und nat\u00fcrlich auch f\u00fcr diejenigen, welche sich in eigenen Raketen versucht haben und entweder nur m\u00e4\u00dfigen Erfolg hatten, oder die mehr \u00fcber die Materie wissen wollen, und vor allen Dingen auch wissen wollen: Warum fliegt die Rakete eigentlich gerade hoch, und wie kann ich das beeinflussen?<\/p>\n<p>Ziel des Kurses ist:\u00a0 Jeder Kursteilnehmer muss in der Lage sein nach dem Kurs eigene Modellraketen sicher berechnen, konstruieren und bauen zu k\u00f6nnen, so dass diese dann auch exakt nach vorbestimmter Flugbahn fliegen, das Bergungssystem auswerfen und sicher landen, so dass sie jederzeit wieder verwendet werden k\u00f6nnen.<\/p>\n\n\t\t<style type=\"text\/css\">\n\t\t\t#gallery-1 {\n\t\t\t\tmargin: auto;\n\t\t\t}\n\t\t\t#gallery-1 .gallery-item {\n\t\t\t\tfloat: left;\n\t\t\t\tmargin-top: 10px;\n\t\t\t\ttext-align: center;\n\t\t\t\twidth: 33%;\n\t\t\t}\n\t\t\t#gallery-1 img {\n\t\t\t\tborder: 2px solid #cfcfcf;\n\t\t\t}\n\t\t\t#gallery-1 .gallery-caption {\n\t\t\t\tmargin-left: 0;\n\t\t\t}\n\t\t\t\/* see gallery_shortcode() in wp-includes\/media.php *\/\n\t\t<\/style>\n\t\t<div id='gallery-1' class='gallery galleryid-48 gallery-columns-3 gallery-size-thumbnail'><dl class='gallery-item'>\n\t\t\t<dt class='gallery-icon landscape'>\n\t\t\t\t<a href=\"https:\/\/hgv-raketen.de\/wp-content\/uploads\/2013\/06\/RMK1-DSC00446.jpg\" title=\"RMK1-DSC00446\" data-description=\"Jedes Modell verf\u00fcgt \u00fcber ein Bergungssystem\"><img loading=\"lazy\" decoding=\"async\" width=\"200\" height=\"200\" src=\"https:\/\/hgv-raketen.de\/wp-content\/uploads\/2013\/06\/RMK1-DSC00446-200x200.jpg\" class=\"attachment-thumbnail size-thumbnail\" alt=\"\" aria-describedby=\"gallery-1-1671\" srcset=\"https:\/\/hgv-raketen.de\/wp-content\/uploads\/2013\/06\/RMK1-DSC00446-200x200.jpg 200w, https:\/\/hgv-raketen.de\/wp-content\/uploads\/2013\/06\/RMK1-DSC00446-150x150.jpg 150w\" sizes=\"(max-width: 200px) 100vw, 200px\"><\/a>\n\t\t\t<\/dt>\n\t\t\t\t<dd class='wp-caption-text gallery-caption' id='gallery-1-1671'>\n\t\t\t\tRMK1\n\t\t\t\t<\/dd><\/dl><dl class='gallery-item'>\n\t\t\t<dt class='gallery-icon portrait'>\n\t\t\t\t<a href=\"https:\/\/hgv-raketen.de\/wp-content\/uploads\/2013\/06\/RMK1-CIMG1785.jpg\" title=\"RMK1-CIMG1785\" data-description=\"Erster Raketenstart\"><img loading=\"lazy\" decoding=\"async\" width=\"200\" height=\"200\" src=\"https:\/\/hgv-raketen.de\/wp-content\/uploads\/2013\/06\/RMK1-CIMG1785-200x200.jpg\" class=\"attachment-thumbnail size-thumbnail\" alt=\"\" aria-describedby=\"gallery-1-1669\" srcset=\"https:\/\/hgv-raketen.de\/wp-content\/uploads\/2013\/06\/RMK1-CIMG1785-200x200.jpg 200w, https:\/\/hgv-raketen.de\/wp-content\/uploads\/2013\/06\/RMK1-CIMG1785-150x150.jpg 150w\" sizes=\"(max-width: 200px) 100vw, 200px\"><\/a>\n\t\t\t<\/dt>\n\t\t\t\t<dd class='wp-caption-text gallery-caption' id='gallery-1-1669'>\n\t\t\t\tRMK1-2012\n\t\t\t\t<\/dd><\/dl><dl class='gallery-item'>\n\t\t\t<dt class='gallery-icon landscape'>\n\t\t\t\t<a href=\"https:\/\/hgv-raketen.de\/wp-content\/uploads\/2013\/06\/RMK1-CIMG1736.jpg\" title=\"RMK1-CIMG1736\" data-description=\"Theorieunterricht mit praktischen Beispielen\"><img loading=\"lazy\" decoding=\"async\" width=\"200\" height=\"200\" src=\"https:\/\/hgv-raketen.de\/wp-content\/uploads\/2013\/06\/RMK1-CIMG1736-200x200.jpg\" class=\"attachment-thumbnail size-thumbnail\" alt=\"\" aria-describedby=\"gallery-1-1667\" srcset=\"https:\/\/hgv-raketen.de\/wp-content\/uploads\/2013\/06\/RMK1-CIMG1736-200x200.jpg 200w, https:\/\/hgv-raketen.de\/wp-content\/uploads\/2013\/06\/RMK1-CIMG1736-150x150.jpg 150w\" sizes=\"(max-width: 200px) 100vw, 200px\"><\/a>\n\t\t\t<\/dt>\n\t\t\t\t<dd class='wp-caption-text gallery-caption' id='gallery-1-1667'>\n\t\t\t\tRMK1-2012\n\t\t\t\t<\/dd><\/dl><br style=\"clear: both\" \/><dl class='gallery-item'>\n\t\t\t<dt class='gallery-icon landscape'>\n\t\t\t\t<a href=\"https:\/\/hgv-raketen.de\/wp-content\/uploads\/2013\/06\/RMK1-DSC00394.jpg\" title=\"RMK1-DSC00394\" data-description=\"Na, sitzen die Flossen auch richtig ???\"><img loading=\"lazy\" decoding=\"async\" width=\"200\" height=\"200\" src=\"https:\/\/hgv-raketen.de\/wp-content\/uploads\/2013\/06\/RMK1-DSC00394-200x200.jpg\" class=\"attachment-thumbnail size-thumbnail\" alt=\"\" aria-describedby=\"gallery-1-1670\" srcset=\"https:\/\/hgv-raketen.de\/wp-content\/uploads\/2013\/06\/RMK1-DSC00394-200x200.jpg 200w, https:\/\/hgv-raketen.de\/wp-content\/uploads\/2013\/06\/RMK1-DSC00394-150x150.jpg 150w\" sizes=\"(max-width: 200px) 100vw, 200px\"><\/a>\n\t\t\t<\/dt>\n\t\t\t\t<dd class='wp-caption-text gallery-caption' id='gallery-1-1670'>\n\t\t\t\tRMK1-2013\n\t\t\t\t<\/dd><\/dl><dl class='gallery-item'>\n\t\t\t<dt class='gallery-icon portrait'>\n\t\t\t\t<a href=\"https:\/\/hgv-raketen.de\/wp-content\/uploads\/2013\/06\/RMK1-CIMG1705.jpg\" title=\"RMK1-CIMG1705\" data-description=\"Raketenspitzen selbst hergestellt\"><img loading=\"lazy\" decoding=\"async\" width=\"200\" height=\"200\" src=\"https:\/\/hgv-raketen.de\/wp-content\/uploads\/2013\/06\/RMK1-CIMG1705-200x200.jpg\" class=\"attachment-thumbnail size-thumbnail\" alt=\"\" aria-describedby=\"gallery-1-1666\" srcset=\"https:\/\/hgv-raketen.de\/wp-content\/uploads\/2013\/06\/RMK1-CIMG1705-200x200.jpg 200w, https:\/\/hgv-raketen.de\/wp-content\/uploads\/2013\/06\/RMK1-CIMG1705-150x150.jpg 150w\" sizes=\"(max-width: 200px) 100vw, 200px\"><\/a>\n\t\t\t<\/dt>\n\t\t\t\t<dd class='wp-caption-text gallery-caption' id='gallery-1-1666'>\n\t\t\t\tRMK1-2012\n\t\t\t\t<\/dd><\/dl><dl class='gallery-item'>\n\t\t\t<dt class='gallery-icon portrait'>\n\t\t\t\t<a href=\"https:\/\/hgv-raketen.de\/wp-content\/uploads\/2013\/06\/RMK1-CIMG1704.jpg\" title=\"RMK1-CIMG1704\" data-description=\"Happy nach erster selbst erstellter Raketenspitze\"><img loading=\"lazy\" decoding=\"async\" width=\"200\" height=\"200\" src=\"https:\/\/hgv-raketen.de\/wp-content\/uploads\/2013\/06\/RMK1-CIMG1704-200x200.jpg\" class=\"attachment-thumbnail size-thumbnail\" alt=\"\" aria-describedby=\"gallery-1-1665\" srcset=\"https:\/\/hgv-raketen.de\/wp-content\/uploads\/2013\/06\/RMK1-CIMG1704-200x200.jpg 200w, https:\/\/hgv-raketen.de\/wp-content\/uploads\/2013\/06\/RMK1-CIMG1704-150x150.jpg 150w\" sizes=\"(max-width: 200px) 100vw, 200px\"><\/a>\n\t\t\t<\/dt>\n\t\t\t\t<dd class='wp-caption-text gallery-caption' id='gallery-1-1665'>\n\t\t\t\tRMK1-2013\n\t\t\t\t<\/dd><\/dl><br style=\"clear: both\" \/>\n\t\t<\/div>\n\n<p>Der Kurs beginnt am SA gegen 9:00 Uhr (ganztags) und endet bei halbwegs gutem Wetter am SO gegen 18:00 Uhr.<\/p>\n<p>Als Abschluss des Wochenendes wollen wir unsere selbst gebauten Raketen am Sonntag Nachmittag auch fliegen lassen.<\/p>\n<p>Der 2 Tages-Kurs beinhaltet :<\/p>\n<ul>\n<li>Theorie incl. gro\u00dfer Kursunterlage<\/li>\n<li>Theoretische + praktische Vorf\u00fchrungen<\/li>\n<li>1 flugf\u00e4higes Raketenmodell incl. Treibsatz<\/li>\n<li>Snacks, Kaffee, &#8230;. sowie bei Anfrage: Dia&#8217;s\/Video<\/li>\n<li>Bei entspr. Wetter am SO nachm. Start der Raketenmodelle<\/li>\n<\/ul>\n<p>Mehr Details zum Kurs :<\/p>\n<ul>\n<li>an jedem Dienstag Abend zwischen 20.00 Uhr und 22.00 Uhr in unserer neuen Werkstatt<\/li>\n<li>auf jeder Messebeteiligung der HGV (Modellbau S\u00fcd \/ Faszination Modellbau \/ Modellbau Bodensee)<\/li>\n<\/ul>\n<p><strong>Interesse am RMK 1?<\/strong><\/p>\n<p>E-Mail: hgv-raketen@gmx.de<\/p>\n","protected":false},"excerpt":{"rendered":"<p>\u00a0\u00a0\u00a0\u00a0\u00a0\u00a0\u00a0\u00a0\u00a0 ====&gt; Kurs findet derzeit nicht mehr statt !!! &lt;==== Der Kurs besteht aus bunt gemischten Theorie- und Praxisanteilen. Die Kurskosten umfassen eine ca. 80-seitige Kursmappe, die Materialien zum Bau einer Modellrakete, viele Infos von verschiedenen Referenten, Vorf\u00fchrungen, Testabbr\u00e4nde, Baupl\u00e4ne und Ideen f\u00fcr exotische Bauweisen und Modellarten, Praxistipps zum Herstellen von Raketen-Bauteilen und vieles mehr. &#8230;<\/p>\n<p><a href=\"https:\/\/hgv-raketen.de\/?page_id=48\" class=\"more-link\">Continue reading &lsquo;Kurs RMK1&rsquo; &raquo;<\/a><\/p>\n","protected":false},"author":1,"featured_media":2612,"parent":0,"menu_order":0,"comment_status":"open","ping_status":"closed","template":"","meta":{"footnotes":""},"class_list":["post-48","page","type-page","status-publish","has-post-thumbnail","hentry","gallery-content-unit"],"_links":{"self":[{"href":"https:\/\/hgv-raketen.de\/index.php?rest_route=\/wp\/v2\/pages\/48"}],"collection":[{"href":"https:\/\/hgv-raketen.de\/index.php?rest_route=\/wp\/v2\/pages"}],"about":[{"href":"https:\/\/hgv-raketen.de\/index.php?rest_route=\/wp\/v2\/types\/page"}],"author":[{"embeddable":true,"href":"https:\/\/hgv-raketen.de\/index.php?rest_route=\/wp\/v2\/users\/1"}],"replies":[{"embeddable":true,"href":"https:\/\/hgv-raketen.de\/index.php?rest_route=%2Fwp%2Fv2%2Fcomments&post=48"}],"version-history":[{"count":18,"href":"https:\/\/hgv-raketen.de\/index.php?rest_route=\/wp\/v2\/pages\/48\/revisions"}],"predecessor-version":[{"id":3877,"href":"https:\/\/hgv-raketen.de\/index.php?rest_route=\/wp\/v2\/pages\/48\/revisions\/3877"}],"wp:featuredmedia":[{"embeddable":true,"href":"https:\/\/hgv-raketen.de\/index.php?rest_route=\/wp\/v2\/media\/2612"}],"wp:attachment":[{"href":"https:\/\/hgv-raketen.de\/index.php?rest_route=%2Fwp%2Fv2%2Fmedia&parent=48"}],"curies":[{"name":"wp","href":"https:\/\/api.w.org\/{rel}","templated":true}]}}