{"id":56,"date":"2013-06-24T08:37:20","date_gmt":"2013-06-24T08:37:20","guid":{"rendered":"http:\/\/localhost\/rocketA\/?page_id=56"},"modified":"2023-05-29T15:34:01","modified_gmt":"2023-05-29T13:34:01","slug":"rocket-teens","status":"publish","type":"page","link":"https:\/\/hgv-raketen.de\/?page_id=56","title":{"rendered":"Jugendgruppe"},"content":{"rendered":"<p>Zur Zeit gibt es keine regelm\u00e4\u00dfige Jugendgruppe.<\/p>\n<p>F\u00fcr interresierte k\u00f6nnen wir Termine nach Absprache anbieten.<\/p>\n<p>F\u00fcr weitere Informationen wenden Sie sich bitte an uns:<a href=\"http:\/\/hgv-raketen.de\/?page_id=52\"> Kontakt<\/a>.<\/p>\n","protected":false},"excerpt":{"rendered":"<p>Zur Zeit gibt es keine regelm\u00e4\u00dfige Jugendgruppe. F\u00fcr interresierte k\u00f6nnen wir Termine nach Absprache anbieten. F\u00fcr weitere Informationen wenden Sie sich bitte an uns: Kontakt.<\/p>\n","protected":false},"author":1,"featured_media":2610,"parent":0,"menu_order":0,"comment_status":"open","ping_status":"closed","template":"","meta":{"footnotes":""},"class_list":["post-56","page","type-page","status-publish","has-post-thumbnail","hentry","gallery-content-unit"],"_links":{"self":[{"href":"https:\/\/hgv-raketen.de\/index.php?rest_route=\/wp\/v2\/pages\/56"}],"collection":[{"href":"https:\/\/hgv-raketen.de\/index.php?rest_route=\/wp\/v2\/pages"}],"about":[{"href":"https:\/\/hgv-raketen.de\/index.php?rest_route=\/wp\/v2\/types\/page"}],"author":[{"embeddable":true,"href":"https:\/\/hgv-raketen.de\/index.php?rest_route=\/wp\/v2\/users\/1"}],"replies":[{"embeddable":true,"href":"https:\/\/hgv-raketen.de\/index.php?rest_route=%2Fwp%2Fv2%2Fcomments&post=56"}],"version-history":[{"count":19,"href":"https:\/\/hgv-raketen.de\/index.php?rest_route=\/wp\/v2\/pages\/56\/revisions"}],"predecessor-version":[{"id":3881,"href":"https:\/\/hgv-raketen.de\/index.php?rest_route=\/wp\/v2\/pages\/56\/revisions\/3881"}],"wp:featuredmedia":[{"embeddable":true,"href":"https:\/\/hgv-raketen.de\/index.php?rest_route=\/wp\/v2\/media\/2610"}],"wp:attachment":[{"href":"https:\/\/hgv-raketen.de\/index.php?rest_route=%2Fwp%2Fv2%2Fmedia&parent=56"}],"curies":[{"name":"wp","href":"https:\/\/api.w.org\/{rel}","templated":true}]}}