{"id":59,"date":"2013-06-24T08:39:55","date_gmt":"2013-06-24T08:39:55","guid":{"rendered":"http:\/\/localhost\/rocketA\/?page_id=59"},"modified":"2021-09-24T19:42:23","modified_gmt":"2021-09-24T17:42:23","slug":"links","status":"publish","type":"page","link":"https:\/\/hgv-raketen.de\/?page_id=59","title":{"rendered":"Links"},"content":{"rendered":"<div class=\"su-spoiler su-spoiler-style-default su-spoiler-icon-plus su-spoiler-closed\" data-scroll-offset=\"0\" data-anchor-in-url=\"no\"><div class=\"su-spoiler-title\" tabindex=\"0\" role=\"button\"><span class=\"su-spoiler-icon\"><\/span>Disclaimer<\/div><div class=\"su-spoiler-content su-u-clearfix su-u-trim\">\n<p>Diese Seite enth\u00e4lt Links zu externen Webseiten Dritter, auf deren Inhalte wir keinen Einfluss haben und nehmen k\u00f6nnen. Deshalb k\u00f6nnen wir f\u00fcr diese fremden Inhalte auch keine Gew\u00e4hr \u00fcbernehmen. F\u00fcr die Inhalte der verlinkten Seiten ist stets der jeweilige Anbieter bzw. Betreiber der Seiten verantwortlich.<\/p>\n<p>Die verlinkten Seiten wurden zum Zeitpunkt der Verlinkung auf m\u00f6gliche Rechtsverst\u00f6\u00dfe \u00fcberpr\u00fcft. Rechtswidrige Inhalte waren zum Zeitpunkt der Verlinkung nicht erkennbar. Eine permanente inhaltliche Kontrolle der verlinkten Seiten ist jedoch ohne konkrete Anhaltspunkte einer Rechtsverletzung nicht zumutbar. Bei bekannt werden von Rechtsverletzungen werden wir derartige Links umgehend entfernen.<\/p>\n<p>Wir sind als Betreiber der Seiten sind bem\u00fcht, stets die Urheberrechte anderer zu beachten und auf selbst erstellte, lizenzfreie Werke zur\u00fcckzugreifen. Wir bitten Downloads und Kopien dieser Seite sind nur f\u00fcr den privaten, nicht kommerziellen Gebrauch zu verwenden.<br \/>\n<\/div><\/div>\n<strong>Folgende Firmen unterst\u00fctzen aktiv unsere Vereinsarbeit<\/strong><\/p>\n<table>\n<tbody>\n<tr>\n<td><\/td>\n<\/tr>\n<tr>\n<td><a href=\"http:\/\/www.rebelspace.eu\"><img decoding=\"async\" src=\"http:\/\/www.rebelspace.eu\/favicon.ico\" alt=\"\" \/> www.rebelspace.eu<\/a><\/td>\n<\/tr>\n<tr>\n<td><a href=\"http:\/\/www.r-g.de\"><img decoding=\"async\" src=\"http:\/\/www.r-g.de\/favicon.ico\" alt=\"\" \/> www.r-g.de<\/a><\/td>\n<\/tr>\n<tr>\n<td><a href=\"http:\/\/www.gefa-gfk.de\"><img decoding=\"async\" src=\"http:\/\/hgv-raketen.de\/favicon.png\" alt=\"\" \/> www.gefa-gfk.de<\/a><\/td>\n<\/tr>\n<tr>\n<td><a href=\"http:\/\/www.dupli-color.de\"><img decoding=\"async\" src=\"http:\/\/www.dupli-color.de\/favicon.ico\" alt=\"\" \/> www.dupli-color.de<\/a><\/td>\n<\/tr>\n<tr>\n<td><a href=\"http:\/\/www.uhu.de\"><img decoding=\"async\" src=\"http:\/\/www.uhu.de\/favicon.ico\" alt=\"\" \/> www.uhu.de<\/a><\/td>\n<\/tr>\n<\/tbody>\n<\/table>\n<p><strong>Hier schauen wir immer wieder mal rein<\/strong><\/p>\n<table>\n<tbody>\n<tr>\n<td><a href=\"http:\/\/www.ag-modellraketen.de\/\"><img decoding=\"async\" src=\"http:\/\/www.ag-modellraketen.de\/favicon.ico\" alt=\"\" \/> www.ag-modellraketen.de<\/a><\/td>\n<\/tr>\n<tr>\n<td><a href=\"http:\/\/www.ramog.de\/\"><img decoding=\"async\" src=\"http:\/\/www.ramog.de\/favicon.ico\" alt=\"\" \/> www.ramog.de<\/a><\/td>\n<\/tr>\n<tr>\n<td><a href=\"http:\/\/www.argoshpr.ch\/\"><img decoding=\"async\" src=\"http:\/\/hgv-raketen.de\/favicon.png\" alt=\"\" \/> www.argoshpr.ch<\/a><\/td>\n<\/tr>\n<tr>\n<td><a href=\"http:\/\/www.dera.de\/\"><img decoding=\"async\" src=\"http:\/\/hgv-raketen.de\/favicon.png\" alt=\"\" \/> www.dera.de<\/a><\/td>\n<\/tr>\n<tr>\n<td><a href=\"http:\/\/www.hmsv.net\/\"><img decoding=\"async\" src=\"http:\/\/hgv-raketen.de\/favicon.png\" alt=\"\" \/> www.hmsv.net &#8211; Die Modellflieger aus Vaihingen\/Enz-Kleinglattbach<\/a><\/td>\n<\/tr>\n<tr>\n<td><a href=\"http:\/\/www.lkz.de\/\"><img decoding=\"async\" src=\"http:\/\/hgv-raketen.de\/favicon.png\" alt=\"\" \/> www.lkz.de &#8211; Die Ludwigsburger Kreiszeitung<\/a><\/td>\n<\/tr>\n<\/tbody>\n<\/table>\n<p><strong>Interessantes zum Nachschlagen<\/strong><\/p>\n<table>\n<tbody>\n<tr>\n<td><a href=\"http:\/\/www.aerotech-rocketry.com\/\"><img decoding=\"async\" src=\"http:\/\/hgv-raketen.de\/favicon.png\" alt=\"\" \/> www.aerotech-rocketry.com<\/a><\/td>\n<\/tr>\n<tr>\n<td><a href=\"http:\/\/www.estesrockets.com\/\"><img decoding=\"async\" src=\"http:\/\/www.estesrockets.com\/favicon.ico\" alt=\"\" \/> www.estesrockets.com<\/a><\/td>\n<\/tr>\n<tr>\n<td><a href=\"http:\/\/www.hybridraketen.de\/\"><img decoding=\"async\" src=\"http:\/\/www.hybridraketen.de\/favicon.ico\" alt=\"\" width=\"16\" \/> www.hybridraketen.de<\/a><\/td>\n<\/tr>\n<tr>\n<td><a href=\"http:\/\/www.nar.org\/\"><img decoding=\"async\" src=\"http:\/\/hgv-raketen.de\/favicon.png\" alt=\"\" \/> www.nar.org<\/a><\/td>\n<\/tr>\n<tr>\n<td><a href=\"http:\/\/www.tripoli.org\/\"><img decoding=\"async\" src=\"http:\/\/www.tripoli.org\/favicon.ico\" alt=\"\" width=\"16\" \/> www.tripoli.org<\/a><\/td>\n<\/tr>\n<tr>\n<td><a href=\"http:\/\/www.rocketryforum.com\/\"><img decoding=\"async\" src=\"http:\/\/www.rocketryforum.com\/favicon.ico\" alt=\"\" width=\"16\" \/> www.rocketryforum.com<\/a><\/td>\n<\/tr>\n<tr>\n<td><a href=\"http:\/\/www.colormotions.de\/\"><img decoding=\"async\" src=\"http:\/\/hgv-raketen.de\/favicon.png\" alt=\"\" \/> www.colormotions.de &#8211; Einfache Wasserraketen<\/a><\/td>\n<\/tr>\n<\/tbody>\n<\/table>\n<p><strong>Hintergr\u00fcnde zu Vaihingen<\/strong><\/p>\n<table>\n<tbody>\n<tr>\n<td><a href=\"http:\/\/www.vaihingen.de\/\"><img decoding=\"async\" src=\"http:\/\/hgv-raketen.de\/favicon.png\" alt=\"\" \/> Stadt Vaihingen \/ Enz<\/a><\/td>\n<\/tr>\n<\/tbody>\n<\/table>\n","protected":false},"excerpt":{"rendered":"<p>Folgende Firmen unterst\u00fctzen aktiv unsere Vereinsarbeit www.rebelspace.eu www.r-g.de www.gefa-gfk.de www.dupli-color.de www.uhu.de Hier schauen wir immer wieder mal rein www.ag-modellraketen.de www.ramog.de www.argoshpr.ch www.dera.de www.hmsv.net &#8211; Die Modellflieger aus Vaihingen\/Enz-Kleinglattbach www.lkz.de &#8211; Die Ludwigsburger Kreiszeitung Interessantes zum Nachschlagen www.aerotech-rocketry.com www.estesrockets.com www.hybridraketen.de www.nar.org www.tripoli.org www.rocketryforum.com www.colormotions.de &#8211; Einfache Wasserraketen Hintergr\u00fcnde zu Vaihingen Stadt Vaihingen \/ Enz<\/p>\n","protected":false},"author":1,"featured_media":0,"parent":0,"menu_order":0,"comment_status":"open","ping_status":"closed","template":"","meta":{"footnotes":""},"class_list":["post-59","page","type-page","status-publish","hentry","gallery-content-unit"],"_links":{"self":[{"href":"https:\/\/hgv-raketen.de\/index.php?rest_route=\/wp\/v2\/pages\/59"}],"collection":[{"href":"https:\/\/hgv-raketen.de\/index.php?rest_route=\/wp\/v2\/pages"}],"about":[{"href":"https:\/\/hgv-raketen.de\/index.php?rest_route=\/wp\/v2\/types\/page"}],"author":[{"embeddable":true,"href":"https:\/\/hgv-raketen.de\/index.php?rest_route=\/wp\/v2\/users\/1"}],"replies":[{"embeddable":true,"href":"https:\/\/hgv-raketen.de\/index.php?rest_route=%2Fwp%2Fv2%2Fcomments&post=59"}],"version-history":[{"count":16,"href":"https:\/\/hgv-raketen.de\/index.php?rest_route=\/wp\/v2\/pages\/59\/revisions"}],"predecessor-version":[{"id":3809,"href":"https:\/\/hgv-raketen.de\/index.php?rest_route=\/wp\/v2\/pages\/59\/revisions\/3809"}],"wp:attachment":[{"href":"https:\/\/hgv-raketen.de\/index.php?rest_route=%2Fwp%2Fv2%2Fmedia&parent=59"}],"curies":[{"name":"wp","href":"https:\/\/api.w.org\/{rel}","templated":true}]}}