{"id":62,"date":"2013-06-24T08:44:22","date_gmt":"2013-06-24T08:44:22","guid":{"rendered":"http:\/\/localhost\/rocketA\/?page_id=62"},"modified":"2021-12-06T12:34:51","modified_gmt":"2021-12-06T11:34:51","slug":"hobbygruppe","status":"publish","type":"page","link":"https:\/\/hgv-raketen.de\/?page_id=62","title":{"rendered":"Wer sind wir ?"},"content":{"rendered":"<p>Die Hobbygruppe wurde 1977 von Karlheinz Gulich innerhalb des ev. Jugendwerks Vaihingen\/Enz gegr\u00fcndet.<br \/>\nNachdem das Jugendwerk in den sp\u00e4ten 70 er Jahren das Dekanatamt mit sehr viel Eigenleistung renovierte, \u00fcbernahm KH die Waschk\u00fcche und baute sie zu einer kleinen, aber doch recht ansehnlichen Werkstatt aus.<br \/>\nDiese Werkstatt war der Grundstein f\u00fcr eine Bastelgruppe. In dieser wurden dann auch seit 1977 Lederg\u00fcrtel gepr\u00e4gt, Holzspielzeug, Gew\u00e4chsh\u00e4uschen, Gie\u00dfharzquader, Styrophorbilder und vieles mehr gebastelt. Irgendwann gingen die Ideen aus, woraufhin man sich auf den Bereich des Modellbaus st\u00fcrzte. Hier wurde alles durchgemacht: Autos, Segelflugzeuge, Boote, Strandsegler, Schlitten und vieles mehr. Aber die anhaltende Motivation fehlte.<br \/>\nDann im Jahr 1983 ein Gl\u00fccksgriff: In der damaligen Zeitschrift &#8220;HOBBY&#8221; (noch in der Gr\u00f6\u00dfe A5) war eine Modellrakete von Hermann Langkr\u00e4r abgebildet, die &#8220;Standard 1&#8221;. Diese wurde rasch nachgebaut und gestartet. Der Flug war m\u00e4\u00dfig, aber f\u00fcr den damaligen Wissensstand doch recht beeindruckend. Da die Rakete aber sehr aufwendig gebaut werden musste war der Entwicklerdrang geweckt: &#8220;Das muss doch einfacher gehen?&#8221; Gesagt, getan. Es wurden die ersten eigenen Raketen entwickelt und geflogen; anf\u00e4nglich noch mit einigen Schwierigkeiten. \u00dcber Kontakte zu anderen Raketenmodellbauern wurde der Kenntnisstand erweitert.<br \/>\nDann begannen die ersten gr\u00f6\u00dferen eigenen Experimente und Raketenentwicklungen, was sich bis zum heutigen Tag fortsetzt.<br \/>\nDie HGV ist nach dem Umzug in die neue Werkstatt (Jan&#8217;14) nicht mehr Teil des ev. Jugendwerks Vaihingen\/Enz, und mittlerweile auch nicht mehr in kirchlichen R\u00e4umen untergebracht.<br \/>\nWir k\u00f6nnen nun einen Werkraum der OMRS in Kleinglattbach au\u00dferhalb der Schulferien nutzen.<\/p>\n<p>Heute ist die HGV eine eigenst\u00e4ndige Gruppe mit nahezu 50 Mitgliedern, einer der wenigen aktiven Raketenmodellclubs in Deutschland. Die HGV bietet unseres Wissens nach auch als einziger Club Kurse zum Einstieg in dieses Hobby an mit Erwachsenen- und Jugendgruppe einmal w\u00f6chentlich.<\/p>\n<p>Alle diese Kurse beinhalten bereits schon so viel Informationen, so dass Schritte zu eigenen Raketenmodell-Entwicklungen direkt an den Kurs angeschlossen werden k\u00f6nnen. Ausgestattet mit reichlich Wissen rund um unser Hobby, lassen sich damit erfolgreiche und sichere Starts absolvieren.<\/p>\n<p>Erfahrungsaustausch, gegenseitige Hilfestellung bei konstruktiven oder baulichen Problemen, aber auch reges Arbeiten kennzeichnen das flei\u00dfige Treiben Dienstag Abends von 19:00-20:00 (Jugend) + 20:00 &#8211; 22:00 (Erwachsene) in einer tollen Werkstatt.<br \/>\nAu\u00dferdem verf\u00fcgt die HGV \u00fcber einen\u00a0ansehnlichen Maschinenpark, der optimal f\u00fcr den Raketenmodellbau ausgelegt ist. Sonderprojekte werden in der Werkstatt gemeinsam konzipiert und durchgef\u00fchrt. Selbst ein 3D-Drucker ist mittlerweile in unserem Besitz. Hier fertigen wir komplizierte Teile selbst her.<br \/>\n<strong>Auch Nicht-HGV-Mitglieder sind herzlich zu einem Besuch eingeladen und gerne gesehen.<\/strong><\/p>\n<p>Modellstarts im Rahmen unserer Hobbygruppe werden meist auf ein Wochenende gelegt. Diese Starts finden dann auch immer in der n\u00e4heren Umgebung statt. Sie werden auf den Seiten &#8220;Termine&#8221; und &#8220;News&#8221; angek\u00fcndigt.<\/p>\n<p><strong>Nach nunmehr fast 45 Jahren hat Karlheinz die HGV in neue H\u00e4nde gelegt. So ist nun Steffen Schofer der neue Chef der HGV. Nat\u00fcrlich werde ich bei Bedarf noch unterst\u00fctzen wo und wann ich kann.<\/strong><br \/>\n<strong>Ich (Karlheinz) w\u00fcnsche dem neuen Team um Steffen viel Erfolg bei der Leitung der HGV, speziell in und nach der Corona-Zeit.<\/strong><\/p>\n<p>Treffpunkt\u00a0 OMRS (Otmar Mergenthaler Realschule)<br \/>\nIm See 8,\u00a0 71665 Vaihingen\/Enz-Kleinglattbach<\/p>\n<p>Dienstags au\u00dferhalb der Schulferien<br \/>\nJugendgruppe 19:00 &#8211; 20:00 Uhr<br \/>\nErwachsene\u00a0\u00a0\u00a0\u00a0 20:00 &#8211; 22:00 Uhr<\/p>\n","protected":false},"excerpt":{"rendered":"<p>Die Hobbygruppe wurde 1977 von Karlheinz Gulich innerhalb des ev. Jugendwerks Vaihingen\/Enz gegr\u00fcndet. Nachdem das Jugendwerk in den sp\u00e4ten 70 er Jahren das Dekanatamt mit sehr viel Eigenleistung renovierte, \u00fcbernahm KH die Waschk\u00fcche und baute sie zu einer kleinen, aber doch recht ansehnlichen Werkstatt aus. Diese Werkstatt war der Grundstein f\u00fcr eine Bastelgruppe. In dieser &#8230;<\/p>\n<p><a href=\"https:\/\/hgv-raketen.de\/?page_id=62\" class=\"more-link\">Continue reading &lsquo;Wer sind wir ?&rsquo; &raquo;<\/a><\/p>\n","protected":false},"author":1,"featured_media":2993,"parent":0,"menu_order":0,"comment_status":"open","ping_status":"closed","template":"","meta":{"footnotes":""},"class_list":["post-62","page","type-page","status-publish","has-post-thumbnail","hentry","gallery-content-unit"],"_links":{"self":[{"href":"https:\/\/hgv-raketen.de\/index.php?rest_route=\/wp\/v2\/pages\/62"}],"collection":[{"href":"https:\/\/hgv-raketen.de\/index.php?rest_route=\/wp\/v2\/pages"}],"about":[{"href":"https:\/\/hgv-raketen.de\/index.php?rest_route=\/wp\/v2\/types\/page"}],"author":[{"embeddable":true,"href":"https:\/\/hgv-raketen.de\/index.php?rest_route=\/wp\/v2\/users\/1"}],"replies":[{"embeddable":true,"href":"https:\/\/hgv-raketen.de\/index.php?rest_route=%2Fwp%2Fv2%2Fcomments&post=62"}],"version-history":[{"count":18,"href":"https:\/\/hgv-raketen.de\/index.php?rest_route=\/wp\/v2\/pages\/62\/revisions"}],"predecessor-version":[{"id":3821,"href":"https:\/\/hgv-raketen.de\/index.php?rest_route=\/wp\/v2\/pages\/62\/revisions\/3821"}],"wp:featuredmedia":[{"embeddable":true,"href":"https:\/\/hgv-raketen.de\/index.php?rest_route=\/wp\/v2\/media\/2993"}],"wp:attachment":[{"href":"https:\/\/hgv-raketen.de\/index.php?rest_route=%2Fwp%2Fv2%2Fmedia&parent=62"}],"curies":[{"name":"wp","href":"https:\/\/api.w.org\/{rel}","templated":true}]}}